{"id":203,"date":"2025-01-09T00:10:34","date_gmt":"2025-01-08T23:10:34","guid":{"rendered":"https:\/\/debaronimmobilier.fr\/?page_id=203"},"modified":"2025-01-09T00:11:52","modified_gmt":"2025-01-08T23:11:52","slug":"mentions-legales-et-politique-de-confidentialite","status":"publish","type":"page","link":"https:\/\/debaronimmobilier.fr\/index.php\/mentions-legales-et-politique-de-confidentialite\/","title":{"rendered":"Mentions l\u00e9gales et politique de confidentialit\u00e9"},"content":{"rendered":"<p>[et_pb_section fb_built=\u00a0\u00bb1&Prime; theme_builder_area=\u00a0\u00bbpost_content\u00a0\u00bb _builder_version=\u00a0\u00bb4.27.4&Prime; _module_preset=\u00a0\u00bbdefault\u00a0\u00bb][et_pb_row _builder_version=\u00a0\u00bb4.27.4&Prime; _module_preset=\u00a0\u00bbdefault\u00a0\u00bb theme_builder_area=\u00a0\u00bbpost_content\u00a0\u00bb][et_pb_column _builder_version=\u00a0\u00bb4.27.4&Prime; _module_preset=\u00a0\u00bbdefault\u00a0\u00bb type=\u00a0\u00bb4_4&Prime; theme_builder_area=\u00a0\u00bbpost_content\u00a0\u00bb][et_pb_text _builder_version=\u00a0\u00bb4.27.4&Prime; _module_preset=\u00a0\u00bbdefault\u00a0\u00bb theme_builder_area=\u00a0\u00bbpost_content\u00a0\u00bb hover_enabled=\u00a0\u00bb0&Prime; sticky_enabled=\u00a0\u00bb0&Prime;]Mentions L\u00e9gales<\/p>\n<p>\u00c9diteur du site :<\/p>\n<p>Nom de l\u2019entreprise : Entreprise Individuelle &#8211; D\u00e9borah Pietrzak &#8211; De Baron Immobilier<\/p>\n<p>SIREN : 848642849<\/p>\n<p>Adresse du si\u00e8ge social : 06600 Antibes<\/p>\n<p>Num\u00e9ro de t\u00e9l\u00e9phone : 06 85 20 52 47<\/p>\n<p>Adresse e-mail : deborah.zak.immobilier@gmail.com<\/p>\n<p>Num\u00e9ro de TVA intracommunautaire : FR17848642849<\/p>\n<p>Responsable de la publication : D\u00e9borah Pietrzak<\/p>\n<p>H\u00e9bergeur du site :<\/p>\n<p>Nom : OVH<\/p>\n<p>Adresse : 2 rue Kellermann, BP 80157, 59053 Roubaix Cedex 1<\/p>\n<p>Num\u00e9ro de t\u00e9l\u00e9phone : Non communiqu\u00e9<\/p>\n<p>Politique de Confidentialit\u00e9<\/p>\n<p>1. Donn\u00e9es collect\u00e9es<br \/>\nNous collectons les donn\u00e9es personnelles suivantes :<\/p>\n<p>Nom et pr\u00e9nom<\/p>\n<p>Adresse e-mail<\/p>\n<p>Num\u00e9ro de t\u00e9l\u00e9phone<\/p>\n<p>Cookies de navigation (voir section sur les cookies)<\/p>\n<p>2. Objectif de la collecte des donn\u00e9es<br \/>\nLes donn\u00e9es collect\u00e9es sont utilis\u00e9es pour :<\/p>\n<p>G\u00e9rer les demandes clients (r\u00e9ponses aux questions, suivi de dossiers immobiliers).<\/p>\n<p>L\u2019envoi de newsletters (avec consentement pr\u00e9alable).<\/p>\n<p>Le suivi statistique pour l\u2019am\u00e9lioration des services propos\u00e9s.<\/p>\n<p>3. Base l\u00e9gale du traitement<br \/>\nLe traitement des donn\u00e9es est fond\u00e9 sur :<\/p>\n<p>Le consentement (newsletter et marketing).<\/p>\n<p>L\u2019ex\u00e9cution contractuelle (gestion des biens immobiliers).<\/p>\n<p>L\u2019int\u00e9r\u00eat l\u00e9gitime (suivi statistique et optimisation des services).<\/p>\n<p>Les obligations l\u00e9gales (conservation des documents li\u00e9s \u00e0 l\u2019activit\u00e9).<\/p>\n<p>4. Dur\u00e9e de conservation des donn\u00e9es<br \/>\nLes donn\u00e9es personnelles sont conserv\u00e9es pour une dur\u00e9e maximale de 10 ans, conform\u00e9ment aux obligations l\u00e9gales en mati\u00e8re de gestion immobili\u00e8re.<\/p>\n<p>5. Droits des utilisateurs<br \/>\nConform\u00e9ment au R\u00e8glement G\u00e9n\u00e9ral sur la Protection des Donn\u00e9es (RGPD), vous disposez des droits suivants :<\/p>\n<p>Droit d\u2019acc\u00e8s : obtenir une copie des donn\u00e9es vous concernant.<\/p>\n<p>Droit de rectification : corriger les donn\u00e9es inexactes ou incompl\u00e8tes.<\/p>\n<p>Droit \u00e0 l\u2019effacement : demander la suppression de vos donn\u00e9es.<\/p>\n<p>Droit \u00e0 la portabilit\u00e9 : recevoir vos donn\u00e9es sous un format structu\u00e9 et lisible.<\/p>\n<p>Droit d\u2019opposition : refuser certains traitements de vos donn\u00e9es (ex. : prospection commerciale).<\/p>\n<p>Pour exercer vos droits, veuillez contacter : deborah.zak.immobilier@gmail.com.<\/p>\n<p>6. Partage des donn\u00e9es avec des tiers<br \/>\nDans le cadre de notre activit\u00e9, vos donn\u00e9es peuvent \u00eatre partag\u00e9es avec :<\/p>\n<p>Des artisans, notaires, huissiers, avocats ou autres intervenants professionnels li\u00e9s \u00e0 la gestion de biens immobiliers.<\/p>\n<p>7. Utilisation des cookies<br \/>\nNous utilisons des cookies pour :<\/p>\n<p>Am\u00e9liorer la navigation sur le site.<\/p>\n<p>Collecter des donn\u00e9es statistiques anonymes (Google Analytics ou outils similaires).<\/p>\n<p>Vous proposer des contenus personnalis\u00e9s.<\/p>\n<p>Vous pouvez configurer votre navigateur pour bloquer les cookies ou \u00e9liminer ceux qui sont d\u00e9j\u00e0 install\u00e9s.<\/p>\n<p>Modification des mentions l\u00e9gales et de la politique de confidentialit\u00e9<br \/>\nNous nous r\u00e9servons le droit de modifier ces mentions \u00e0 tout moment. Nous vous invitons \u00e0 consulter cette page r\u00e9guli\u00e8rement.<\/p>\n<p>Contact<br \/>\nPour toute question, veuillez nous \u00e9crire \u00e0 : deborah.zak.immobilier@gmail.com.[\/et_pb_text][\/et_pb_column][\/et_pb_row][\/et_pb_section]<\/p>\n","protected":false},"excerpt":{"rendered":"<p>Mentions L\u00e9gales \u00c9diteur du site : Nom de l\u2019entreprise : Entreprise Individuelle &#8211; D\u00e9borah Pietrzak &#8211; De Baron Immobilier SIREN : 848642849 Adresse du si\u00e8ge social : 06600 Antibes Num\u00e9ro de t\u00e9l\u00e9phone : 06 85 20 52 47 Adresse e-mail : deborah.zak.immobilier@gmail.com Num\u00e9ro de TVA intracommunautaire : FR17848642849 Responsable de la publication : D\u00e9borah Pietrzak [&hellip;]<\/p>\n","protected":false},"author":1,"featured_media":0,"parent":0,"menu_order":0,"comment_status":"closed","ping_status":"closed","template":"","meta":{"_et_pb_use_builder":"on","_et_pb_old_content":"","_et_gb_content_width":"","footnotes":""},"class_list":["post-203","page","type-page","status-publish","hentry"],"yoast_head":"<!-- This site is optimized with the Yoast SEO plugin v24.5 - https:\/\/yoast.com\/wordpress\/plugins\/seo\/ -->\n<title>Mentions l\u00e9gales et politique de confidentialit\u00e9 - De Baron Immobilier<\/title>\n<meta name=\"robots\" content=\"index, follow, max-snippet:-1, max-image-preview:large, max-video-preview:-1\" \/>\n<link rel=\"canonical\" href=\"https:\/\/debaronimmobilier.fr\/index.php\/mentions-legales-et-politique-de-confidentialite\/\" \/>\n<meta property=\"og:locale\" content=\"fr_FR\" \/>\n<meta property=\"og:type\" content=\"article\" \/>\n<meta property=\"og:title\" content=\"Mentions l\u00e9gales et politique de confidentialit\u00e9 - De Baron Immobilier\" \/>\n<meta property=\"og:description\" content=\"Mentions L\u00e9gales \u00c9diteur du site : Nom de l\u2019entreprise : Entreprise Individuelle - D\u00e9borah Pietrzak - De Baron Immobilier SIREN : 848642849 Adresse du si\u00e8ge social : 06600 Antibes Num\u00e9ro de t\u00e9l\u00e9phone : 06 85 20 52 47 Adresse e-mail : deborah.zak.immobilier@gmail.com Num\u00e9ro de TVA intracommunautaire : FR17848642849 Responsable de la publication : D\u00e9borah Pietrzak [&hellip;]\" \/>\n<meta property=\"og:url\" content=\"https:\/\/debaronimmobilier.fr\/index.php\/mentions-legales-et-politique-de-confidentialite\/\" \/>\n<meta property=\"og:site_name\" content=\"De Baron Immobilier\" \/>\n<meta property=\"article:publisher\" content=\"https:\/\/www.facebook.com\/DeBaronImmobilier\" \/>\n<meta property=\"article:modified_time\" content=\"2025-01-08T23:11:52+00:00\" \/>\n<meta name=\"twitter:card\" content=\"summary_large_image\" \/>\n<meta name=\"twitter:label1\" content=\"Dur\u00e9e de lecture estim\u00e9e\" \/>\n\t<meta name=\"twitter:data1\" content=\"3 minutes\" \/>\n<script type=\"application\/ld+json\" class=\"yoast-schema-graph\">{\"@context\":\"https:\/\/schema.org\",\"@graph\":[{\"@type\":\"WebPage\",\"@id\":\"https:\/\/debaronimmobilier.fr\/index.php\/mentions-legales-et-politique-de-confidentialite\/\",\"url\":\"https:\/\/debaronimmobilier.fr\/index.php\/mentions-legales-et-politique-de-confidentialite\/\",\"name\":\"Mentions l\u00e9gales et politique de confidentialit\u00e9 - De Baron Immobilier\",\"isPartOf\":{\"@id\":\"https:\/\/debaronimmobilier.fr\/#website\"},\"datePublished\":\"2025-01-08T23:10:34+00:00\",\"dateModified\":\"2025-01-08T23:11:52+00:00\",\"breadcrumb\":{\"@id\":\"https:\/\/debaronimmobilier.fr\/index.php\/mentions-legales-et-politique-de-confidentialite\/#breadcrumb\"},\"inLanguage\":\"fr-FR\",\"potentialAction\":[{\"@type\":\"ReadAction\",\"target\":[\"https:\/\/debaronimmobilier.fr\/index.php\/mentions-legales-et-politique-de-confidentialite\/\"]}]},{\"@type\":\"BreadcrumbList\",\"@id\":\"https:\/\/debaronimmobilier.fr\/index.php\/mentions-legales-et-politique-de-confidentialite\/#breadcrumb\",\"itemListElement\":[{\"@type\":\"ListItem\",\"position\":1,\"name\":\"Accueil\",\"item\":\"https:\/\/debaronimmobilier.fr\/\"},{\"@type\":\"ListItem\",\"position\":2,\"name\":\"Mentions l\u00e9gales et politique de confidentialit\u00e9\"}]},{\"@type\":\"WebSite\",\"@id\":\"https:\/\/debaronimmobilier.fr\/#website\",\"url\":\"https:\/\/debaronimmobilier.fr\/\",\"name\":\"De Baron Immobilier\",\"description\":\"Sp\u00e9cialiste de la gestion locative et des investissements rentables dans les Alpes-Maritimes\",\"publisher\":{\"@id\":\"https:\/\/debaronimmobilier.fr\/#organization\"},\"potentialAction\":[{\"@type\":\"SearchAction\",\"target\":{\"@type\":\"EntryPoint\",\"urlTemplate\":\"https:\/\/debaronimmobilier.fr\/?s={search_term_string}\"},\"query-input\":{\"@type\":\"PropertyValueSpecification\",\"valueRequired\":true,\"valueName\":\"search_term_string\"}}],\"inLanguage\":\"fr-FR\"},{\"@type\":\"Organization\",\"@id\":\"https:\/\/debaronimmobilier.fr\/#organization\",\"name\":\"De Baron Immobilier\",\"url\":\"https:\/\/debaronimmobilier.fr\/\",\"logo\":{\"@type\":\"ImageObject\",\"inLanguage\":\"fr-FR\",\"@id\":\"https:\/\/debaronimmobilier.fr\/#\/schema\/logo\/image\/\",\"url\":\"https:\/\/debaronimmobilier.fr\/wp-content\/uploads\/2025\/01\/BC1BBF37-8BF7-441B-90E5-2CBF9BB175AF.png\",\"contentUrl\":\"https:\/\/debaronimmobilier.fr\/wp-content\/uploads\/2025\/01\/BC1BBF37-8BF7-441B-90E5-2CBF9BB175AF.png\",\"width\":500,\"height\":500,\"caption\":\"De Baron Immobilier\"},\"image\":{\"@id\":\"https:\/\/debaronimmobilier.fr\/#\/schema\/logo\/image\/\"},\"sameAs\":[\"https:\/\/www.facebook.com\/DeBaronImmobilier\",\"https:\/\/www.instagram.com\/de_baron_immobilier\/\"]}]}<\/script>\n<!-- \/ Yoast SEO plugin. -->","yoast_head_json":{"title":"Mentions l\u00e9gales et politique de confidentialit\u00e9 - De Baron Immobilier","robots":{"index":"index","follow":"follow","max-snippet":"max-snippet:-1","max-image-preview":"max-image-preview:large","max-video-preview":"max-video-preview:-1"},"canonical":"https:\/\/debaronimmobilier.fr\/index.php\/mentions-legales-et-politique-de-confidentialite\/","og_locale":"fr_FR","og_type":"article","og_title":"Mentions l\u00e9gales et politique de confidentialit\u00e9 - De Baron Immobilier","og_description":"Mentions L\u00e9gales \u00c9diteur du site : Nom de l\u2019entreprise : Entreprise Individuelle - D\u00e9borah Pietrzak - De Baron Immobilier SIREN : 848642849 Adresse du si\u00e8ge social : 06600 Antibes Num\u00e9ro de t\u00e9l\u00e9phone : 06 85 20 52 47 Adresse e-mail : deborah.zak.immobilier@gmail.com Num\u00e9ro de TVA intracommunautaire : FR17848642849 Responsable de la publication : D\u00e9borah Pietrzak [&hellip;]","og_url":"https:\/\/debaronimmobilier.fr\/index.php\/mentions-legales-et-politique-de-confidentialite\/","og_site_name":"De Baron Immobilier","article_publisher":"https:\/\/www.facebook.com\/DeBaronImmobilier","article_modified_time":"2025-01-08T23:11:52+00:00","twitter_card":"summary_large_image","twitter_misc":{"Dur\u00e9e de lecture estim\u00e9e":"3 minutes"},"schema":{"@context":"https:\/\/schema.org","@graph":[{"@type":"WebPage","@id":"https:\/\/debaronimmobilier.fr\/index.php\/mentions-legales-et-politique-de-confidentialite\/","url":"https:\/\/debaronimmobilier.fr\/index.php\/mentions-legales-et-politique-de-confidentialite\/","name":"Mentions l\u00e9gales et politique de confidentialit\u00e9 - De Baron Immobilier","isPartOf":{"@id":"https:\/\/debaronimmobilier.fr\/#website"},"datePublished":"2025-01-08T23:10:34+00:00","dateModified":"2025-01-08T23:11:52+00:00","breadcrumb":{"@id":"https:\/\/debaronimmobilier.fr\/index.php\/mentions-legales-et-politique-de-confidentialite\/#breadcrumb"},"inLanguage":"fr-FR","potentialAction":[{"@type":"ReadAction","target":["https:\/\/debaronimmobilier.fr\/index.php\/mentions-legales-et-politique-de-confidentialite\/"]}]},{"@type":"BreadcrumbList","@id":"https:\/\/debaronimmobilier.fr\/index.php\/mentions-legales-et-politique-de-confidentialite\/#breadcrumb","itemListElement":[{"@type":"ListItem","position":1,"name":"Accueil","item":"https:\/\/debaronimmobilier.fr\/"},{"@type":"ListItem","position":2,"name":"Mentions l\u00e9gales et politique de confidentialit\u00e9"}]},{"@type":"WebSite","@id":"https:\/\/debaronimmobilier.fr\/#website","url":"https:\/\/debaronimmobilier.fr\/","name":"De Baron Immobilier","description":"Sp\u00e9cialiste de la gestion locative et des investissements rentables dans les Alpes-Maritimes","publisher":{"@id":"https:\/\/debaronimmobilier.fr\/#organization"},"potentialAction":[{"@type":"SearchAction","target":{"@type":"EntryPoint","urlTemplate":"https:\/\/debaronimmobilier.fr\/?s={search_term_string}"},"query-input":{"@type":"PropertyValueSpecification","valueRequired":true,"valueName":"search_term_string"}}],"inLanguage":"fr-FR"},{"@type":"Organization","@id":"https:\/\/debaronimmobilier.fr\/#organization","name":"De Baron Immobilier","url":"https:\/\/debaronimmobilier.fr\/","logo":{"@type":"ImageObject","inLanguage":"fr-FR","@id":"https:\/\/debaronimmobilier.fr\/#\/schema\/logo\/image\/","url":"https:\/\/debaronimmobilier.fr\/wp-content\/uploads\/2025\/01\/BC1BBF37-8BF7-441B-90E5-2CBF9BB175AF.png","contentUrl":"https:\/\/debaronimmobilier.fr\/wp-content\/uploads\/2025\/01\/BC1BBF37-8BF7-441B-90E5-2CBF9BB175AF.png","width":500,"height":500,"caption":"De Baron Immobilier"},"image":{"@id":"https:\/\/debaronimmobilier.fr\/#\/schema\/logo\/image\/"},"sameAs":["https:\/\/www.facebook.com\/DeBaronImmobilier","https:\/\/www.instagram.com\/de_baron_immobilier\/"]}]}},"jetpack_sharing_enabled":true,"_links":{"self":[{"href":"https:\/\/debaronimmobilier.fr\/index.php\/wp-json\/wp\/v2\/pages\/203","targetHints":{"allow":["GET"]}}],"collection":[{"href":"https:\/\/debaronimmobilier.fr\/index.php\/wp-json\/wp\/v2\/pages"}],"about":[{"href":"https:\/\/debaronimmobilier.fr\/index.php\/wp-json\/wp\/v2\/types\/page"}],"author":[{"embeddable":true,"href":"https:\/\/debaronimmobilier.fr\/index.php\/wp-json\/wp\/v2\/users\/1"}],"replies":[{"embeddable":true,"href":"https:\/\/debaronimmobilier.fr\/index.php\/wp-json\/wp\/v2\/comments?post=203"}],"version-history":[{"count":3,"href":"https:\/\/debaronimmobilier.fr\/index.php\/wp-json\/wp\/v2\/pages\/203\/revisions"}],"predecessor-version":[{"id":207,"href":"https:\/\/debaronimmobilier.fr\/index.php\/wp-json\/wp\/v2\/pages\/203\/revisions\/207"}],"wp:attachment":[{"href":"https:\/\/debaronimmobilier.fr\/index.php\/wp-json\/wp\/v2\/media?parent=203"}],"curies":[{"name":"wp","href":"https:\/\/api.w.org\/{rel}","templated":true}]}}